{"id":2184,"date":"2017-01-08T22:31:47","date_gmt":"2017-01-08T21:31:47","guid":{"rendered":"https:\/\/www.zapiservice.cz\/o-firme\/"},"modified":"2020-10-19T15:19:50","modified_gmt":"2020-10-19T13:19:50","slug":"about-us","status":"publish","type":"page","link":"https:\/\/www.zapiservice.cz\/en\/about-us\/","title":{"rendered":"EN: About us"},"content":{"rendered":"","protected":false},"excerpt":{"rendered":"","protected":false},"author":1,"featured_media":0,"parent":0,"menu_order":0,"comment_status":"closed","ping_status":"closed","template":"cms\/about.php","meta":[],"yoast_head":"<!-- This site is optimized with the Yoast SEO plugin v17.4 - https:\/\/yoast.com\/wordpress\/plugins\/seo\/ -->\n<meta name=\"robots\" content=\"index, follow, max-snippet:-1, max-image-preview:large, max-video-preview:-1\" \/>\n<link rel=\"canonical\" href=\"https:\/\/www.zapiservice.cz\/en\/about-us\/\" \/>\n<meta property=\"og:locale\" content=\"en_US\" \/>\n<meta property=\"og:type\" content=\"article\" \/>\n<meta property=\"og:title\" content=\"EN: About us - ZAPI\" \/>\n<meta property=\"og:url\" content=\"https:\/\/www.zapiservice.cz\/en\/about-us\/\" \/>\n<meta property=\"og:site_name\" content=\"ZAPI\" \/>\n<meta property=\"article:modified_time\" content=\"2020-10-19T13:19:50+00:00\" \/>\n<meta name=\"twitter:card\" content=\"summary_large_image\" \/>\n<script type=\"application\/ld+json\" class=\"yoast-schema-graph\">{\"@context\":\"https:\/\/schema.org\",\"@graph\":[{\"@type\":\"WebSite\",\"@id\":\"https:\/\/www.zapiservice.cz\/#website\",\"url\":\"https:\/\/www.zapiservice.cz\/\",\"name\":\"ZAPI\",\"description\":\"Dod\\u00e1me kompletn\\u00ed \\u0159e\\u0161en\\u00ed pro va\\u0161i aplikaci\",\"potentialAction\":[{\"@type\":\"SearchAction\",\"target\":{\"@type\":\"EntryPoint\",\"urlTemplate\":\"https:\/\/www.zapiservice.cz\/?s={search_term_string}\"},\"query-input\":\"required name=search_term_string\"}],\"inLanguage\":\"en-US\"},{\"@type\":\"WebPage\",\"@id\":\"https:\/\/www.zapiservice.cz\/en\/about-us\/#webpage\",\"url\":\"https:\/\/www.zapiservice.cz\/en\/about-us\/\",\"name\":\"EN: About us - ZAPI\",\"isPartOf\":{\"@id\":\"https:\/\/www.zapiservice.cz\/#website\"},\"datePublished\":\"2017-01-08T21:31:47+00:00\",\"dateModified\":\"2020-10-19T13:19:50+00:00\",\"breadcrumb\":{\"@id\":\"https:\/\/www.zapiservice.cz\/en\/about-us\/#breadcrumb\"},\"inLanguage\":\"en-US\",\"potentialAction\":[{\"@type\":\"ReadAction\",\"target\":[\"https:\/\/www.zapiservice.cz\/en\/about-us\/\"]}]},{\"@type\":\"BreadcrumbList\",\"@id\":\"https:\/\/www.zapiservice.cz\/en\/about-us\/#breadcrumb\",\"itemListElement\":[{\"@type\":\"ListItem\",\"position\":1,\"name\":\"Dom\\u016f\",\"item\":\"https:\/\/www.zapiservice.cz\/en\/\"},{\"@type\":\"ListItem\",\"position\":2,\"name\":\"EN: About us\"}]}]}<\/script>\n<!-- \/ Yoast SEO plugin. -->","yoast_head_json":{"robots":{"index":"index","follow":"follow","max-snippet":"max-snippet:-1","max-image-preview":"max-image-preview:large","max-video-preview":"max-video-preview:-1"},"canonical":"https:\/\/www.zapiservice.cz\/en\/about-us\/","og_locale":"en_US","og_type":"article","og_title":"EN: About us - ZAPI","og_url":"https:\/\/www.zapiservice.cz\/en\/about-us\/","og_site_name":"ZAPI","article_modified_time":"2020-10-19T13:19:50+00:00","twitter_card":"summary_large_image","schema":{"@context":"https:\/\/schema.org","@graph":[{"@type":"WebSite","@id":"https:\/\/www.zapiservice.cz\/#website","url":"https:\/\/www.zapiservice.cz\/","name":"ZAPI","description":"Dod\u00e1me kompletn\u00ed \u0159e\u0161en\u00ed pro va\u0161i aplikaci","potentialAction":[{"@type":"SearchAction","target":{"@type":"EntryPoint","urlTemplate":"https:\/\/www.zapiservice.cz\/?s={search_term_string}"},"query-input":"required name=search_term_string"}],"inLanguage":"en-US"},{"@type":"WebPage","@id":"https:\/\/www.zapiservice.cz\/en\/about-us\/#webpage","url":"https:\/\/www.zapiservice.cz\/en\/about-us\/","name":"EN: About us - ZAPI","isPartOf":{"@id":"https:\/\/www.zapiservice.cz\/#website"},"datePublished":"2017-01-08T21:31:47+00:00","dateModified":"2020-10-19T13:19:50+00:00","breadcrumb":{"@id":"https:\/\/www.zapiservice.cz\/en\/about-us\/#breadcrumb"},"inLanguage":"en-US","potentialAction":[{"@type":"ReadAction","target":["https:\/\/www.zapiservice.cz\/en\/about-us\/"]}]},{"@type":"BreadcrumbList","@id":"https:\/\/www.zapiservice.cz\/en\/about-us\/#breadcrumb","itemListElement":[{"@type":"ListItem","position":1,"name":"Dom\u016f","item":"https:\/\/www.zapiservice.cz\/en\/"},{"@type":"ListItem","position":2,"name":"EN: About us"}]}]}},"_links":{"self":[{"href":"https:\/\/www.zapiservice.cz\/en\/wp-json\/wp\/v2\/pages\/2184"}],"collection":[{"href":"https:\/\/www.zapiservice.cz\/en\/wp-json\/wp\/v2\/pages"}],"about":[{"href":"https:\/\/www.zapiservice.cz\/en\/wp-json\/wp\/v2\/types\/page"}],"author":[{"embeddable":true,"href":"https:\/\/www.zapiservice.cz\/en\/wp-json\/wp\/v2\/users\/1"}],"replies":[{"embeddable":true,"href":"https:\/\/www.zapiservice.cz\/en\/wp-json\/wp\/v2\/comments?post=2184"}],"version-history":[{"count":2,"href":"https:\/\/www.zapiservice.cz\/en\/wp-json\/wp\/v2\/pages\/2184\/revisions"}],"predecessor-version":[{"id":2314,"href":"https:\/\/www.zapiservice.cz\/en\/wp-json\/wp\/v2\/pages\/2184\/revisions\/2314"}],"wp:attachment":[{"href":"https:\/\/www.zapiservice.cz\/en\/wp-json\/wp\/v2\/media?parent=2184"}],"curies":[{"name":"wp","href":"https:\/\/api.w.org\/{rel}","templated":true}]}}